{"id":5823,"date":"2023-03-16T12:33:24","date_gmt":"2023-03-16T17:33:24","guid":{"rendered":"https:\/\/dynamowl.com\/new\/?page_id=5823"},"modified":"2023-12-19T20:23:49","modified_gmt":"2023-12-20T01:23:49","slug":"torre-de-control","status":"publish","type":"page","link":"https:\/\/dynamowl.com\/new\/torre-de-control\/","title":{"rendered":"TORRE DE CONTROL"},"content":{"rendered":"\t\t<div data-elementor-type=\"wp-page\" data-elementor-id=\"5823\" class=\"elementor elementor-5823\" data-elementor-post-type=\"page\">\n\t\t\t\t<div class=\"elementor-element elementor-element-edd9678 e-flex e-con-boxed e-con e-parent\" data-id=\"edd9678\" data-element_type=\"container\" data-e-type=\"container\" data-settings=\"{&quot;background_background&quot;:&quot;classic&quot;}\">\n\t\t\t\t\t<div class=\"e-con-inner\">\n\t\t\t\t<div class=\"elementor-element elementor-element-71904a2 elementor-widget elementor-widget-heading\" data-id=\"71904a2\" data-element_type=\"widget\" data-e-type=\"widget\" data-widget_type=\"heading.default\">\n\t\t\t\t\t<h2 class=\"elementor-heading-title elementor-size-default\">TORRE DE CONTROL<\/h2>\t\t\t\t<\/div>\n\t\t\t\t\t<\/div>\n\t\t\t\t<\/div>\n\t\t<div class=\"elementor-element elementor-element-4ec8240 e-flex e-con-boxed e-con e-parent\" data-id=\"4ec8240\" data-element_type=\"container\" data-e-type=\"container\">\n\t\t\t\t\t<div class=\"e-con-inner\">\n\t\t\t\t<div class=\"elementor-element elementor-element-e334b9e elementor-widget elementor-widget-text-editor\" data-id=\"e334b9e\" data-element_type=\"widget\" data-e-type=\"widget\" data-widget_type=\"text-editor.default\">\n\t\t\t\t\t\t\t\t\t<p style=\"font-weight: 400;\">Contamos con un repositorio centralizado con tecnolog\u00eda de \u00faltima generaci\u00f3n que extrae, organiza y procesa datos.<\/p><p style=\"font-weight: 400;\">Estos datos son proporcionados por los diferentes actores en la cadena de suministros y aportan a la visibilidad en tiempo real, control y tranquilidad. Optimizamos el flujo de trabajo . Integramos todos los sistemas de los distintos operadores a trav\u00e9s de la cadena.<\/p><p style=\"font-weight: 400;\">Gestionamos informaci\u00f3n unificada, completa y en tiempo real. Simplificamos los procesos. Reducimos costos comparando datos, adelant\u00e1ndonos a imprevistos. Generamos Informes y KPI.<\/p>\t\t\t\t\t\t\t\t<\/div>\n\t\t\t\t\t<\/div>\n\t\t\t\t<\/div>\n\t\t<div class=\"elementor-element elementor-element-efcc277 e-flex e-con-boxed e-con e-parent\" data-id=\"efcc277\" data-element_type=\"container\" data-e-type=\"container\">\n\t\t\t\t\t<div class=\"e-con-inner\">\n\t\t<div class=\"elementor-element elementor-element-677ff95 e-con-full e-flex e-con e-parent\" data-id=\"677ff95\" data-element_type=\"container\" data-e-type=\"container\">\n\t\t\t\t<\/div>\n\t\t<div class=\"elementor-element elementor-element-2c014cd e-con-full e-flex e-con e-parent\" data-id=\"2c014cd\" data-element_type=\"container\" data-e-type=\"container\">\n\t\t\t\t<div class=\"elementor-element elementor-element-ce4021d elementor-widget elementor-widget-image\" data-id=\"ce4021d\" data-element_type=\"widget\" data-e-type=\"widget\" data-widget_type=\"image.default\">\n\t\t\t\t\t\t\t\t\t\t\t\t\t\t\t<img fetchpriority=\"high\" decoding=\"async\" width=\"800\" height=\"533\" src=\"https:\/\/dynamowl.com\/new\/wp-content\/uploads\/2022\/09\/spy-computer-spyware-5279867-1024x682.jpg\" class=\"attachment-large size-large wp-image-2524\" alt=\"spy, computer, spyware-5279867.jpg\" srcset=\"https:\/\/dynamowl.com\/new\/wp-content\/uploads\/2022\/09\/spy-computer-spyware-5279867-1024x682.jpg 1024w, https:\/\/dynamowl.com\/new\/wp-content\/uploads\/2022\/09\/spy-computer-spyware-5279867-300x200.jpg 300w, https:\/\/dynamowl.com\/new\/wp-content\/uploads\/2022\/09\/spy-computer-spyware-5279867-768x512.jpg 768w, https:\/\/dynamowl.com\/new\/wp-content\/uploads\/2022\/09\/spy-computer-spyware-5279867.jpg 1280w\" sizes=\"(max-width: 800px) 100vw, 800px\" \/>\t\t\t\t\t\t\t\t\t\t\t\t\t\t\t<\/div>\n\t\t\t\t<\/div>\n\t\t<div class=\"elementor-element elementor-element-600a4a1 e-con-full e-flex e-con e-parent\" data-id=\"600a4a1\" data-element_type=\"container\" data-e-type=\"container\">\n\t\t\t\t<\/div>\n\t\t\t\t\t<\/div>\n\t\t\t\t<\/div>\n\t\t<div class=\"elementor-element elementor-element-65e6f9a e-flex e-con-boxed e-con e-parent\" data-id=\"65e6f9a\" data-element_type=\"container\" data-e-type=\"container\" data-settings=\"{&quot;background_background&quot;:&quot;classic&quot;}\">\n\t\t\t\t\t<div class=\"e-con-inner\">\n\t\t\t\t\t<\/div>\n\t\t\t\t<\/div>\n\t\t\t\t<\/div>\n\t\t","protected":false},"excerpt":{"rendered":"<p>TORRE DE CONTROL Contamos con un repositorio centralizado con tecnolog\u00eda de \u00faltima generaci\u00f3n que extrae, organiza y procesa datos. Estos datos son proporcionados por los diferentes actores en la cadena de suministros y aportan a la visibilidad en tiempo real, control y tranquilidad. Optimizamos el flujo de trabajo . Integramos todos los sistemas de los [&hellip;]<\/p>\n","protected":false},"author":1,"featured_media":0,"parent":0,"menu_order":0,"comment_status":"closed","ping_status":"closed","template":"elementor_canvas","meta":{"footnotes":""},"categories":[],"tags":[94],"class_list":["post-5823","page","type-page","status-publish","hentry","tag-es"],"_links":{"self":[{"href":"https:\/\/dynamowl.com\/new\/wp-json\/wp\/v2\/pages\/5823","targetHints":{"allow":["GET"]}}],"collection":[{"href":"https:\/\/dynamowl.com\/new\/wp-json\/wp\/v2\/pages"}],"about":[{"href":"https:\/\/dynamowl.com\/new\/wp-json\/wp\/v2\/types\/page"}],"author":[{"embeddable":true,"href":"https:\/\/dynamowl.com\/new\/wp-json\/wp\/v2\/users\/1"}],"replies":[{"embeddable":true,"href":"https:\/\/dynamowl.com\/new\/wp-json\/wp\/v2\/comments?post=5823"}],"version-history":[{"count":25,"href":"https:\/\/dynamowl.com\/new\/wp-json\/wp\/v2\/pages\/5823\/revisions"}],"predecessor-version":[{"id":7859,"href":"https:\/\/dynamowl.com\/new\/wp-json\/wp\/v2\/pages\/5823\/revisions\/7859"}],"wp:attachment":[{"href":"https:\/\/dynamowl.com\/new\/wp-json\/wp\/v2\/media?parent=5823"}],"wp:term":[{"taxonomy":"category","embeddable":true,"href":"https:\/\/dynamowl.com\/new\/wp-json\/wp\/v2\/categories?post=5823"},{"taxonomy":"post_tag","embeddable":true,"href":"https:\/\/dynamowl.com\/new\/wp-json\/wp\/v2\/tags?post=5823"}],"curies":[{"name":"wp","href":"https:\/\/api.w.org\/{rel}","templated":true}]}}