{"id":5605,"date":"2023-12-07T13:33:40","date_gmt":"2023-12-07T18:33:40","guid":{"rendered":"https:\/\/dynamowl.com\/new\/?page_id=5605"},"modified":"2023-12-19T20:20:26","modified_gmt":"2023-12-20T01:20:26","slug":"gestion-de-las-ordenes-de-compra","status":"publish","type":"page","link":"https:\/\/dynamowl.com\/new\/gestion-de-las-ordenes-de-compra\/","title":{"rendered":"GESTI\u00d3N DE LAS \u00d3RDENES DE COMPRA"},"content":{"rendered":"\t\t<div data-elementor-type=\"wp-page\" data-elementor-id=\"5605\" class=\"elementor elementor-5605\" data-elementor-post-type=\"page\">\n\t\t\t\t<div class=\"elementor-element elementor-element-2ffe9f4 e-flex e-con-boxed e-con e-parent\" data-id=\"2ffe9f4\" data-element_type=\"container\" data-e-type=\"container\" data-settings=\"{&quot;background_background&quot;:&quot;classic&quot;}\">\n\t\t\t\t\t<div class=\"e-con-inner\">\n\t\t\t\t<div class=\"elementor-element elementor-element-51d2ecf elementor-widget elementor-widget-heading\" data-id=\"51d2ecf\" data-element_type=\"widget\" data-e-type=\"widget\" data-widget_type=\"heading.default\">\n\t\t\t\t\t<h2 class=\"elementor-heading-title elementor-size-default\">GESTI\u00d3N DE LAS \u00d3RDENES DE COMPRA<\/h2>\t\t\t\t<\/div>\n\t\t\t\t\t<\/div>\n\t\t\t\t<\/div>\n\t\t<div class=\"elementor-element elementor-element-5fcda23 e-con-full e-flex e-con e-parent\" data-id=\"5fcda23\" data-element_type=\"container\" data-e-type=\"container\">\n\t\t<div class=\"elementor-element elementor-element-97a9e06 e-con-full e-flex e-con e-parent\" data-id=\"97a9e06\" data-element_type=\"container\" data-e-type=\"container\">\n\t\t\t\t<div class=\"elementor-element elementor-element-f528334 elementor-widget__width-initial elementor-widget elementor-widget-text-editor\" data-id=\"f528334\" data-element_type=\"widget\" data-e-type=\"widget\" data-widget_type=\"text-editor.default\">\n\t\t\t\t\t\t\t\t\t<p style=\"font-weight: 400;\"><strong>LA ECUACI\u00d3N VIRTUOSA<\/strong><\/p><p style=\"font-weight: 400;\">Integraci\u00f3n de sistemas y procesos que conectan las funciones de la cadena de suministros con visibilidad completa de la \u00f3rden de compra a nivel de \u00edtem \/ parcial de \u00edtem.<\/p><p style=\"font-weight: 400;\">El sistema de cierre de \u00f3rdenes de compra, dentro de nuestro<strong> T.C.O. <\/strong>(Total Cost of Ownership), permite que nuestros clientes obtengan los costos reales asignados a cada \u00edtem o \u00edtem parcial en base a la porci\u00f3n de flete que le corresponde (peso\/vol\u00famen) en cada proceso de importaci\u00f3n.<\/p><p style=\"font-weight: 400;\">Esta informaci\u00f3n va desde los valores<strong> FOB<\/strong> hasta el <strong>\u201cLanded Cost\u201d<\/strong> final en destino por cada \u00edtem y sub item de la orden de compra, aunque haya sido embarcado en parciales.<\/p><p style=\"font-weight: 400;\">Este sistema permite la revisi\u00f3n de los documentos correspondientes a cada art\u00edculo y env\u00edo; tambi\u00e9n permite tener acceso a los mismos.<\/p><p style=\"font-weight: 400;\">De esta forma, el Cliente puede acceder al BL\/AWB, Documentos de Aduana, Lista de Empaque, Facturas, entre otros.<\/p><p style=\"font-weight: 400;\">El proceso de cierre de \u00f3rdenes de compra de <strong>DYNAMO<\/strong> da tranquilidad al cliente por lo que llamamos: \u00abLa Ecuaci\u00f3n Log\u00edstica Virtuosa\u00bb, como producto de la metodolog\u00eda utilizada.<\/p>\t\t\t\t\t\t\t\t<\/div>\n\t\t\t\t<\/div>\n\t\t<div class=\"elementor-element elementor-element-0090876 e-con-full e-flex e-con e-parent\" data-id=\"0090876\" data-element_type=\"container\" data-e-type=\"container\">\n\t\t\t\t<div class=\"elementor-element elementor-element-fa3e430 elementor-widget elementor-widget-image\" data-id=\"fa3e430\" data-element_type=\"widget\" data-e-type=\"widget\" data-widget_type=\"image.default\">\n\t\t\t\t\t\t\t\t\t\t\t\t\t\t\t<img fetchpriority=\"high\" decoding=\"async\" width=\"800\" height=\"793\" src=\"https:\/\/dynamowl.com\/new\/wp-content\/uploads\/2023\/04\/e-logistics-TCO-dynamo2.jpg\" class=\"attachment-large size-large wp-image-6176\" alt=\"\" srcset=\"https:\/\/dynamowl.com\/new\/wp-content\/uploads\/2023\/04\/e-logistics-TCO-dynamo2.jpg 842w, https:\/\/dynamowl.com\/new\/wp-content\/uploads\/2023\/04\/e-logistics-TCO-dynamo2-300x298.jpg 300w, https:\/\/dynamowl.com\/new\/wp-content\/uploads\/2023\/04\/e-logistics-TCO-dynamo2-150x150.jpg 150w, https:\/\/dynamowl.com\/new\/wp-content\/uploads\/2023\/04\/e-logistics-TCO-dynamo2-768x762.jpg 768w\" sizes=\"(max-width: 800px) 100vw, 800px\" \/>\t\t\t\t\t\t\t\t\t\t\t\t\t\t\t<\/div>\n\t\t\t\t<\/div>\n\t\t\t\t<\/div>\n\t\t\t\t<\/div>\n\t\t","protected":false},"excerpt":{"rendered":"<p>GESTI\u00d3N DE LAS \u00d3RDENES DE COMPRA LA ECUACI\u00d3N VIRTUOSA Integraci\u00f3n de sistemas y procesos que conectan las funciones de la cadena de suministros con visibilidad completa de la \u00f3rden de compra a nivel de \u00edtem \/ parcial de \u00edtem. El sistema de cierre de \u00f3rdenes de compra, dentro de nuestro T.C.O. (Total Cost of Ownership), [&hellip;]<\/p>\n","protected":false},"author":1,"featured_media":0,"parent":0,"menu_order":0,"comment_status":"closed","ping_status":"closed","template":"","meta":{"footnotes":""},"categories":[],"tags":[94],"class_list":["post-5605","page","type-page","status-publish","hentry","tag-es"],"_links":{"self":[{"href":"https:\/\/dynamowl.com\/new\/wp-json\/wp\/v2\/pages\/5605","targetHints":{"allow":["GET"]}}],"collection":[{"href":"https:\/\/dynamowl.com\/new\/wp-json\/wp\/v2\/pages"}],"about":[{"href":"https:\/\/dynamowl.com\/new\/wp-json\/wp\/v2\/types\/page"}],"author":[{"embeddable":true,"href":"https:\/\/dynamowl.com\/new\/wp-json\/wp\/v2\/users\/1"}],"replies":[{"embeddable":true,"href":"https:\/\/dynamowl.com\/new\/wp-json\/wp\/v2\/comments?post=5605"}],"version-history":[{"count":95,"href":"https:\/\/dynamowl.com\/new\/wp-json\/wp\/v2\/pages\/5605\/revisions"}],"predecessor-version":[{"id":10108,"href":"https:\/\/dynamowl.com\/new\/wp-json\/wp\/v2\/pages\/5605\/revisions\/10108"}],"wp:attachment":[{"href":"https:\/\/dynamowl.com\/new\/wp-json\/wp\/v2\/media?parent=5605"}],"wp:term":[{"taxonomy":"category","embeddable":true,"href":"https:\/\/dynamowl.com\/new\/wp-json\/wp\/v2\/categories?post=5605"},{"taxonomy":"post_tag","embeddable":true,"href":"https:\/\/dynamowl.com\/new\/wp-json\/wp\/v2\/tags?post=5605"}],"curies":[{"name":"wp","href":"https:\/\/api.w.org\/{rel}","templated":true}]}}