{"id":5603,"date":"2023-02-09T20:18:03","date_gmt":"2023-02-10T01:18:03","guid":{"rendered":"https:\/\/dynamowl.com\/new\/?page_id=5603"},"modified":"2024-01-17T16:59:42","modified_gmt":"2024-01-17T21:59:42","slug":"proyectos","status":"publish","type":"page","link":"https:\/\/dynamowl.com\/new\/proyectos\/","title":{"rendered":"LOG\u00cdSTICA DE PROYECTOS"},"content":{"rendered":"\t\t<div data-elementor-type=\"wp-page\" data-elementor-id=\"5603\" class=\"elementor elementor-5603\" data-elementor-post-type=\"page\">\n\t\t\t\t<div class=\"elementor-element elementor-element-e29fdb7 e-flex e-con-boxed e-con e-parent\" data-id=\"e29fdb7\" data-element_type=\"container\" data-e-type=\"container\" data-settings=\"{&quot;background_background&quot;:&quot;classic&quot;}\">\n\t\t\t\t\t<div class=\"e-con-inner\">\n\t\t\t\t<div class=\"elementor-element elementor-element-0ad22cb elementor-widget elementor-widget-heading\" data-id=\"0ad22cb\" data-element_type=\"widget\" data-e-type=\"widget\" data-widget_type=\"heading.default\">\n\t\t\t\t\t<h2 class=\"elementor-heading-title elementor-size-default\">LOG\u00cdSTICA DE PROYECTOS<\/h2>\t\t\t\t<\/div>\n\t\t\t\t\t<\/div>\n\t\t\t\t<\/div>\n\t\t<div class=\"elementor-element elementor-element-37d0bca e-flex e-con-boxed e-con e-parent\" data-id=\"37d0bca\" data-element_type=\"container\" data-e-type=\"container\">\n\t\t\t\t\t<div class=\"e-con-inner\">\n\t\t<div class=\"elementor-element elementor-element-04d31ce e-con-full e-flex e-con e-child\" data-id=\"04d31ce\" data-element_type=\"container\" data-e-type=\"container\">\n\t\t\t\t<div class=\"elementor-element elementor-element-30dfea1 elementor-widget__width-initial elementor-widget elementor-widget-text-editor\" data-id=\"30dfea1\" data-element_type=\"widget\" data-e-type=\"widget\" data-widget_type=\"text-editor.default\">\n\t\t\t\t\t\t\t\t\t<ul><li style=\"font-weight: 400;\">Permisos con autoridades locales<\/li><li style=\"font-weight: 400;\">Estudio de Tr\u00e1fico<\/li><li style=\"font-weight: 400;\">Estudios de Ruta<\/li><li style=\"font-weight: 400;\">Planes de Contingencia<\/li><li style=\"font-weight: 400;\">Estudio de Puertos y Rutas Alternas<\/li><li style=\"font-weight: 400;\">Gesti\u00f3n de \u00d3rdenes de Compra<\/li><li style=\"font-weight: 400;\">Inspecciones a la carga en Origen<\/li><li style=\"font-weight: 400;\">Transporte Especializado Origen<\/li><li style=\"font-weight: 400;\">Packing y Crating<\/li><li style=\"font-weight: 400;\">Ch\u00e1rter A\u00e9reos y Mar\u00edtimos<\/li><li style=\"font-weight: 400;\">Servicios de desaduanaje especializados<\/li><li style=\"font-weight: 400;\">Preservaci\u00f3n<\/li><li style=\"font-weight: 400;\">Transporte de Carga sobredimensionada<\/li><li style=\"font-weight: 400;\">Servicios de Ingenier\u00eda (reforzamiento de puentes, laybays, etc.)<\/li><li style=\"font-weight: 400;\">Cierre del Proyecto<\/li><li style=\"font-weight: 400;\">Informe Final<\/li><\/ul>\t\t\t\t\t\t\t\t<\/div>\n\t\t\t\t<\/div>\n\t\t<div class=\"elementor-element elementor-element-d14203f e-con-full e-flex e-con e-child\" data-id=\"d14203f\" data-element_type=\"container\" data-e-type=\"container\">\n\t\t\t\t<div class=\"elementor-element elementor-element-ee48249 elementor-widget elementor-widget-image\" data-id=\"ee48249\" data-element_type=\"widget\" data-e-type=\"widget\" data-widget_type=\"image.default\">\n\t\t\t\t\t\t\t\t\t\t\t\t\t\t\t<img decoding=\"async\" src=\"https:\/\/dynamowl.com\/new\/wp-content\/uploads\/2024\/01\/DBDO5796-scaled.jpg\" title=\"DCIM100MEDIADJI_0427.JPG\" alt=\"DRUM\" loading=\"lazy\" \/>\t\t\t\t\t\t\t\t\t\t\t\t\t\t\t<\/div>\n\t\t\t\t<\/div>\n\t\t\t\t\t<\/div>\n\t\t\t\t<\/div>\n\t\t<div class=\"elementor-element elementor-element-1c17562 e-flex e-con-boxed e-con e-parent\" data-id=\"1c17562\" data-element_type=\"container\" data-e-type=\"container\">\n\t\t\t\t\t<div class=\"e-con-inner\">\n\t\t\t\t<div class=\"elementor-element elementor-element-65e9a62 elementor-widget elementor-widget-image\" data-id=\"65e9a62\" data-element_type=\"widget\" data-e-type=\"widget\" data-widget_type=\"image.default\">\n\t\t\t\t\t\t\t\t\t\t\t\t\t\t\t<img decoding=\"async\" src=\"https:\/\/dynamowl.com\/new\/wp-content\/uploads\/2024\/01\/EMGR5296-scaled.jpg\" title=\"DCIM100MEDIADJI_0400.JPG\" alt=\"DRUM 1\" loading=\"lazy\" \/>\t\t\t\t\t\t\t\t\t\t\t\t\t\t\t<\/div>\n\t\t\t\t\t<\/div>\n\t\t\t\t<\/div>\n\t\t\t\t<\/div>\n\t\t","protected":false},"excerpt":{"rendered":"<p>LOG\u00cdSTICA DE PROYECTOS Permisos con autoridades locales Estudio de Tr\u00e1fico Estudios de Ruta Planes de Contingencia Estudio de Puertos y Rutas Alternas Gesti\u00f3n de \u00d3rdenes de Compra Inspecciones a la carga en Origen Transporte Especializado Origen Packing y Crating Ch\u00e1rter A\u00e9reos y Mar\u00edtimos Servicios de desaduanaje especializados Preservaci\u00f3n Transporte de Carga sobredimensionada Servicios de Ingenier\u00eda [&hellip;]<\/p>\n","protected":false},"author":1,"featured_media":0,"parent":0,"menu_order":0,"comment_status":"closed","ping_status":"closed","template":"","meta":{"footnotes":""},"categories":[],"tags":[94],"class_list":["post-5603","page","type-page","status-publish","hentry","tag-es"],"_links":{"self":[{"href":"https:\/\/dynamowl.com\/new\/wp-json\/wp\/v2\/pages\/5603","targetHints":{"allow":["GET"]}}],"collection":[{"href":"https:\/\/dynamowl.com\/new\/wp-json\/wp\/v2\/pages"}],"about":[{"href":"https:\/\/dynamowl.com\/new\/wp-json\/wp\/v2\/types\/page"}],"author":[{"embeddable":true,"href":"https:\/\/dynamowl.com\/new\/wp-json\/wp\/v2\/users\/1"}],"replies":[{"embeddable":true,"href":"https:\/\/dynamowl.com\/new\/wp-json\/wp\/v2\/comments?post=5603"}],"version-history":[{"count":106,"href":"https:\/\/dynamowl.com\/new\/wp-json\/wp\/v2\/pages\/5603\/revisions"}],"predecessor-version":[{"id":11825,"href":"https:\/\/dynamowl.com\/new\/wp-json\/wp\/v2\/pages\/5603\/revisions\/11825"}],"wp:attachment":[{"href":"https:\/\/dynamowl.com\/new\/wp-json\/wp\/v2\/media?parent=5603"}],"wp:term":[{"taxonomy":"category","embeddable":true,"href":"https:\/\/dynamowl.com\/new\/wp-json\/wp\/v2\/categories?post=5603"},{"taxonomy":"post_tag","embeddable":true,"href":"https:\/\/dynamowl.com\/new\/wp-json\/wp\/v2\/tags?post=5603"}],"curies":[{"name":"wp","href":"https:\/\/api.w.org\/{rel}","templated":true}]}}