{"id":5601,"date":"2023-02-09T20:17:30","date_gmt":"2023-02-10T01:17:30","guid":{"rendered":"https:\/\/dynamowl.com\/new\/?page_id=5601"},"modified":"2023-12-19T20:06:17","modified_gmt":"2023-12-20T01:06:17","slug":"gestion-de-la-cadena-de-suministros","status":"publish","type":"page","link":"https:\/\/dynamowl.com\/new\/gestion-de-la-cadena-de-suministros\/","title":{"rendered":"GESTI\u00d3N DE LA CADENA DE SUMINISTROS"},"content":{"rendered":"\t\t<div data-elementor-type=\"wp-page\" data-elementor-id=\"5601\" class=\"elementor elementor-5601\" data-elementor-post-type=\"page\">\n\t\t\t\t<div class=\"elementor-element elementor-element-298a966 e-flex e-con-boxed e-con e-parent\" data-id=\"298a966\" data-element_type=\"container\" data-e-type=\"container\" data-settings=\"{&quot;background_background&quot;:&quot;classic&quot;}\">\n\t\t\t\t\t<div class=\"e-con-inner\">\n\t\t\t\t<div class=\"elementor-element elementor-element-0f46d2a elementor-widget elementor-widget-heading\" data-id=\"0f46d2a\" data-element_type=\"widget\" data-e-type=\"widget\" data-widget_type=\"heading.default\">\n\t\t\t\t\t<h2 class=\"elementor-heading-title elementor-size-default\">GESTI\u00d3N DE LA CADENA DE SUMINISTRO <\/h2>\t\t\t\t<\/div>\n\t\t\t\t\t<\/div>\n\t\t\t\t<\/div>\n\t\t<div class=\"elementor-element elementor-element-42d09f2 e-con-full e-flex e-con e-parent\" data-id=\"42d09f2\" data-element_type=\"container\" data-e-type=\"container\">\n\t\t\t\t<div class=\"elementor-element elementor-element-869a062 elementor-widget__width-initial elementor-widget-tablet__width-initial elementor-widget elementor-widget-text-editor\" data-id=\"869a062\" data-element_type=\"widget\" data-e-type=\"widget\" data-widget_type=\"text-editor.default\">\n\t\t\t\t\t\t\t\t\t<p style=\"font-weight: 400;\">Ofrecemos soluciones a la cadena de suministro a trav\u00e9s de una amplia cartera de servicios de transporte y log\u00edstica, destinados a proporcionar valor a nuestros Clientes.<\/p><p style=\"font-weight: 400;\">Los servicios que brindamos est\u00e1n totalmente integrados a trav\u00e9s nuestra plataforma tecnol\u00f3gica y han sido dise\u00f1ados para ofrecer soluciones 100% confiables orientados a satisfacer sus necesidades.<\/p>\t\t\t\t\t\t\t\t<\/div>\n\t\t\t\t<\/div>\n\t\t<div class=\"elementor-element elementor-element-37dc501 e-flex e-con-boxed e-con e-parent\" data-id=\"37dc501\" data-element_type=\"container\" data-e-type=\"container\">\n\t\t\t\t\t<div class=\"e-con-inner\">\n\t\t\t\t<div class=\"elementor-element elementor-element-6104b11 elementor-widget elementor-widget-image\" data-id=\"6104b11\" data-element_type=\"widget\" data-e-type=\"widget\" data-widget_type=\"image.default\">\n\t\t\t\t\t\t\t\t\t\t\t\t\t\t\t<img fetchpriority=\"high\" decoding=\"async\" width=\"800\" height=\"500\" src=\"https:\/\/dynamowl.com\/new\/wp-content\/uploads\/2022\/10\/fotowebdynamoestambul-1024x640.png\" class=\"attachment-large size-large wp-image-5084\" alt=\"\" srcset=\"https:\/\/dynamowl.com\/new\/wp-content\/uploads\/2022\/10\/fotowebdynamoestambul-1024x640.png 1024w, https:\/\/dynamowl.com\/new\/wp-content\/uploads\/2022\/10\/fotowebdynamoestambul-300x188.png 300w, https:\/\/dynamowl.com\/new\/wp-content\/uploads\/2022\/10\/fotowebdynamoestambul-768x480.png 768w, https:\/\/dynamowl.com\/new\/wp-content\/uploads\/2022\/10\/fotowebdynamoestambul.png 1440w\" sizes=\"(max-width: 800px) 100vw, 800px\" \/>\t\t\t\t\t\t\t\t\t\t\t\t\t\t\t<\/div>\n\t\t\t\t\t<\/div>\n\t\t\t\t<\/div>\n\t\t\t\t<\/div>\n\t\t","protected":false},"excerpt":{"rendered":"<p>GESTI\u00d3N DE LA CADENA DE SUMINISTRO Ofrecemos soluciones a la cadena de suministro a trav\u00e9s de una amplia cartera de servicios de transporte y log\u00edstica, destinados a proporcionar valor a nuestros Clientes. Los servicios que brindamos est\u00e1n totalmente integrados a trav\u00e9s nuestra plataforma tecnol\u00f3gica y han sido dise\u00f1ados para ofrecer soluciones 100% confiables orientados a [&hellip;]<\/p>\n","protected":false},"author":1,"featured_media":0,"parent":0,"menu_order":0,"comment_status":"closed","ping_status":"closed","template":"","meta":{"footnotes":""},"categories":[],"tags":[94],"class_list":["post-5601","page","type-page","status-publish","hentry","tag-es"],"_links":{"self":[{"href":"https:\/\/dynamowl.com\/new\/wp-json\/wp\/v2\/pages\/5601","targetHints":{"allow":["GET"]}}],"collection":[{"href":"https:\/\/dynamowl.com\/new\/wp-json\/wp\/v2\/pages"}],"about":[{"href":"https:\/\/dynamowl.com\/new\/wp-json\/wp\/v2\/types\/page"}],"author":[{"embeddable":true,"href":"https:\/\/dynamowl.com\/new\/wp-json\/wp\/v2\/users\/1"}],"replies":[{"embeddable":true,"href":"https:\/\/dynamowl.com\/new\/wp-json\/wp\/v2\/comments?post=5601"}],"version-history":[{"count":52,"href":"https:\/\/dynamowl.com\/new\/wp-json\/wp\/v2\/pages\/5601\/revisions"}],"predecessor-version":[{"id":9936,"href":"https:\/\/dynamowl.com\/new\/wp-json\/wp\/v2\/pages\/5601\/revisions\/9936"}],"wp:attachment":[{"href":"https:\/\/dynamowl.com\/new\/wp-json\/wp\/v2\/media?parent=5601"}],"wp:term":[{"taxonomy":"category","embeddable":true,"href":"https:\/\/dynamowl.com\/new\/wp-json\/wp\/v2\/categories?post=5601"},{"taxonomy":"post_tag","embeddable":true,"href":"https:\/\/dynamowl.com\/new\/wp-json\/wp\/v2\/tags?post=5601"}],"curies":[{"name":"wp","href":"https:\/\/api.w.org\/{rel}","templated":true}]}}