{"id":12103,"date":"2026-04-13T14:56:14","date_gmt":"2026-04-13T19:56:14","guid":{"rendered":"https:\/\/dynamowl.com\/new\/?page_id=12103"},"modified":"2026-04-13T14:59:12","modified_gmt":"2026-04-13T19:59:12","slug":"politicasig","status":"publish","type":"page","link":"https:\/\/dynamowl.com\/new\/politicasig\/","title":{"rendered":"POLITICASIG"},"content":{"rendered":"\t\t<div data-elementor-type=\"wp-page\" data-elementor-id=\"12103\" class=\"elementor elementor-12103\" data-elementor-post-type=\"page\">\n\t\t\t\t<div class=\"elementor-element elementor-element-d14d293 e-flex e-con-boxed e-con e-parent\" data-id=\"d14d293\" data-element_type=\"container\" data-e-type=\"container\" data-settings=\"{&quot;background_background&quot;:&quot;classic&quot;}\">\n\t\t\t\t\t<div class=\"e-con-inner\">\n\t\t\t\t<div class=\"elementor-element elementor-element-55b5ad8 elementor-widget elementor-widget-heading\" data-id=\"55b5ad8\" data-element_type=\"widget\" data-e-type=\"widget\" data-widget_type=\"heading.default\">\n\t\t\t\t\t<h2 class=\"elementor-heading-title elementor-size-default\">POLITICAS DEL SISTEMA INTEGRADO DE GESTI\u00d3N<\/h2>\t\t\t\t<\/div>\n\t\t\t\t\t<\/div>\n\t\t\t\t<\/div>\n\t\t<div class=\"elementor-element elementor-element-2822dc4 e-flex e-con-boxed e-con e-parent\" data-id=\"2822dc4\" data-element_type=\"container\" data-e-type=\"container\">\n\t\t\t\t\t<div class=\"e-con-inner\">\n\t\t<div class=\"elementor-element elementor-element-1361c43 e-con-full e-flex e-con e-child\" data-id=\"1361c43\" data-element_type=\"container\" data-e-type=\"container\">\n\t\t\t\t<div class=\"elementor-element elementor-element-de0f3ed elementor-widget__width-initial elementor-widget elementor-widget-text-editor\" data-id=\"de0f3ed\" data-element_type=\"widget\" data-e-type=\"widget\" data-widget_type=\"text-editor.default\">\n\t\t\t\t\t\t\t\t\t<p style=\"font-weight: 400;\"><b>DOCUMENTOS PARA DESCARGAR:<\/b><\/p>\t\t\t\t\t\t\t\t<\/div>\n\t\t\t\t<\/div>\n\t\t\t\t\t<\/div>\n\t\t\t\t<\/div>\n\t\t<div class=\"elementor-element elementor-element-f235924 e-grid e-con-boxed e-con e-parent\" data-id=\"f235924\" data-element_type=\"container\" data-e-type=\"container\">\n\t\t\t\t\t<div class=\"e-con-inner\">\n\t\t\t\t<div class=\"elementor-element elementor-element-3c3efc8 elementor-align-justify elementor-widget elementor-widget-button\" data-id=\"3c3efc8\" data-element_type=\"widget\" data-e-type=\"widget\" data-widget_type=\"button.default\">\n\t\t\t\t\t\t\t\t\t\t<a class=\"elementor-button elementor-button-link elementor-size-sm\" href=\"https:\/\/dynamowl.com\/new\/wp-content\/uploads\/2026\/04\/DY.AD_.POL_.01-Politica-del-Sistema-Integrado-de-Gestion-V02.pdf\" target=\"_blank\">\n\t\t\t\t\t\t<span class=\"elementor-button-content-wrapper\">\n\t\t\t\t\t\t<span class=\"elementor-button-icon\">\n\t\t\t\t<svg aria-hidden=\"true\" class=\"e-font-icon-svg e-fas-download\" viewBox=\"0 0 512 512\" xmlns=\"http:\/\/www.w3.org\/2000\/svg\"><path d=\"M216 0h80c13.3 0 24 10.7 24 24v168h87.7c17.8 0 26.7 21.5 14.1 34.1L269.7 378.3c-7.5 7.5-19.8 7.5-27.3 0L90.1 226.1c-12.6-12.6-3.7-34.1 14.1-34.1H192V24c0-13.3 10.7-24 24-24zm296 376v112c0 13.3-10.7 24-24 24H24c-13.3 0-24-10.7-24-24V376c0-13.3 10.7-24 24-24h146.7l49 49c20.1 20.1 52.5 20.1 72.6 0l49-49H488c13.3 0 24 10.7 24 24zm-124 88c0-11-9-20-20-20s-20 9-20 20 9 20 20 20 20-9 20-20zm64 0c0-11-9-20-20-20s-20 9-20 20 9 20 20 20 20-9 20-20z\"><\/path><\/svg>\t\t\t<\/span>\n\t\t\t\t\t\t\t\t\t<span class=\"elementor-button-text\">DY.AD.POL.01 - Pol\u00edtica del <br>Sistema Integrado de Gesti\u00f3n - V02<\/span>\n\t\t\t\t\t<\/span>\n\t\t\t\t\t<\/a>\n\t\t\t\t\t\t\t\t<\/div>\n\t\t\t\t<div class=\"elementor-element elementor-element-8b87d55 elementor-align-justify elementor-widget elementor-widget-button\" data-id=\"8b87d55\" data-element_type=\"widget\" data-e-type=\"widget\" data-widget_type=\"button.default\">\n\t\t\t\t\t\t\t\t\t\t<a class=\"elementor-button elementor-button-link elementor-size-sm\" href=\"https:\/\/dynamowl.com\/new\/wp-content\/uploads\/2026\/04\/DY.AD_.POL_.02-Politica-de-Responsabilidad-Social-V01.pdf\" target=\"_blank\">\n\t\t\t\t\t\t<span class=\"elementor-button-content-wrapper\">\n\t\t\t\t\t\t<span class=\"elementor-button-icon\">\n\t\t\t\t<svg aria-hidden=\"true\" class=\"e-font-icon-svg e-fas-download\" viewBox=\"0 0 512 512\" xmlns=\"http:\/\/www.w3.org\/2000\/svg\"><path d=\"M216 0h80c13.3 0 24 10.7 24 24v168h87.7c17.8 0 26.7 21.5 14.1 34.1L269.7 378.3c-7.5 7.5-19.8 7.5-27.3 0L90.1 226.1c-12.6-12.6-3.7-34.1 14.1-34.1H192V24c0-13.3 10.7-24 24-24zm296 376v112c0 13.3-10.7 24-24 24H24c-13.3 0-24-10.7-24-24V376c0-13.3 10.7-24 24-24h146.7l49 49c20.1 20.1 52.5 20.1 72.6 0l49-49H488c13.3 0 24 10.7 24 24zm-124 88c0-11-9-20-20-20s-20 9-20 20 9 20 20 20 20-9 20-20zm64 0c0-11-9-20-20-20s-20 9-20 20 9 20 20 20 20-9 20-20z\"><\/path><\/svg>\t\t\t<\/span>\n\t\t\t\t\t\t\t\t\t<span class=\"elementor-button-text\">DY.AD.POL.02 - Pol\u00edtica de <br>Responsabilidad Social - V01<\/span>\n\t\t\t\t\t<\/span>\n\t\t\t\t\t<\/a>\n\t\t\t\t\t\t\t\t<\/div>\n\t\t\t\t<div class=\"elementor-element elementor-element-92ec4a0 elementor-align-justify elementor-widget elementor-widget-button\" data-id=\"92ec4a0\" data-element_type=\"widget\" data-e-type=\"widget\" data-widget_type=\"button.default\">\n\t\t\t\t\t\t\t\t\t\t<a class=\"elementor-button elementor-button-link elementor-size-sm\" href=\"https:\/\/dynamowl.com\/new\/wp-content\/uploads\/2026\/04\/DY.AD_.POL_.03-Politica-de-Privacidad-V01.pdf\" target=\"_blank\">\n\t\t\t\t\t\t<span class=\"elementor-button-content-wrapper\">\n\t\t\t\t\t\t<span class=\"elementor-button-icon\">\n\t\t\t\t<svg aria-hidden=\"true\" class=\"e-font-icon-svg e-fas-download\" viewBox=\"0 0 512 512\" xmlns=\"http:\/\/www.w3.org\/2000\/svg\"><path d=\"M216 0h80c13.3 0 24 10.7 24 24v168h87.7c17.8 0 26.7 21.5 14.1 34.1L269.7 378.3c-7.5 7.5-19.8 7.5-27.3 0L90.1 226.1c-12.6-12.6-3.7-34.1 14.1-34.1H192V24c0-13.3 10.7-24 24-24zm296 376v112c0 13.3-10.7 24-24 24H24c-13.3 0-24-10.7-24-24V376c0-13.3 10.7-24 24-24h146.7l49 49c20.1 20.1 52.5 20.1 72.6 0l49-49H488c13.3 0 24 10.7 24 24zm-124 88c0-11-9-20-20-20s-20 9-20 20 9 20 20 20 20-9 20-20zm64 0c0-11-9-20-20-20s-20 9-20 20 9 20 20 20 20-9 20-20z\"><\/path><\/svg>\t\t\t<\/span>\n\t\t\t\t\t\t\t\t\t<span class=\"elementor-button-text\">DY.AD.POL.03 - Pol\u00edtica de <br>Privacidad - V01<\/span>\n\t\t\t\t\t<\/span>\n\t\t\t\t\t<\/a>\n\t\t\t\t\t\t\t\t<\/div>\n\t\t\t\t\t<\/div>\n\t\t\t\t<\/div>\n\t\t\t\t<\/div>\n\t\t","protected":false},"excerpt":{"rendered":"<p>POLITICAS DEL SISTEMA INTEGRADO DE GESTI\u00d3N DOCUMENTOS PARA DESCARGAR: DY.AD.POL.01 &#8211; Pol\u00edtica del Sistema Integrado de Gesti\u00f3n &#8211; V02 DY.AD.POL.02 &#8211; Pol\u00edtica de Responsabilidad Social &#8211; V01 DY.AD.POL.03 &#8211; Pol\u00edtica de Privacidad &#8211; V01<\/p>\n","protected":false},"author":1,"featured_media":0,"parent":0,"menu_order":0,"comment_status":"closed","ping_status":"closed","template":"","meta":{"footnotes":""},"categories":[],"tags":[94],"class_list":["post-12103","page","type-page","status-publish","hentry","tag-es"],"_links":{"self":[{"href":"https:\/\/dynamowl.com\/new\/wp-json\/wp\/v2\/pages\/12103","targetHints":{"allow":["GET"]}}],"collection":[{"href":"https:\/\/dynamowl.com\/new\/wp-json\/wp\/v2\/pages"}],"about":[{"href":"https:\/\/dynamowl.com\/new\/wp-json\/wp\/v2\/types\/page"}],"author":[{"embeddable":true,"href":"https:\/\/dynamowl.com\/new\/wp-json\/wp\/v2\/users\/1"}],"replies":[{"embeddable":true,"href":"https:\/\/dynamowl.com\/new\/wp-json\/wp\/v2\/comments?post=12103"}],"version-history":[{"count":10,"href":"https:\/\/dynamowl.com\/new\/wp-json\/wp\/v2\/pages\/12103\/revisions"}],"predecessor-version":[{"id":12120,"href":"https:\/\/dynamowl.com\/new\/wp-json\/wp\/v2\/pages\/12103\/revisions\/12120"}],"wp:attachment":[{"href":"https:\/\/dynamowl.com\/new\/wp-json\/wp\/v2\/media?parent=12103"}],"wp:term":[{"taxonomy":"category","embeddable":true,"href":"https:\/\/dynamowl.com\/new\/wp-json\/wp\/v2\/categories?post=12103"},{"taxonomy":"post_tag","embeddable":true,"href":"https:\/\/dynamowl.com\/new\/wp-json\/wp\/v2\/tags?post=12103"}],"curies":[{"name":"wp","href":"https:\/\/api.w.org\/{rel}","templated":true}]}}