{"id":11210,"date":"2022-09-28T17:44:46","date_gmt":"2022-09-28T22:44:46","guid":{"rendered":"https:\/\/dynamowl.com\/new\/?page_id=11210"},"modified":"2023-12-19T20:08:24","modified_gmt":"2023-12-20T01:08:24","slug":"seefrachttransport","status":"publish","type":"page","link":"https:\/\/dynamowl.com\/new\/de\/seefrachttransport\/","title":{"rendered":"SEEFRACHTTRANSPORT"},"content":{"rendered":"\t\t<div data-elementor-type=\"wp-page\" data-elementor-id=\"11210\" class=\"elementor elementor-11210\" data-elementor-post-type=\"page\">\n\t\t\t\t<div class=\"elementor-element elementor-element-07b4961 e-con-full e-flex e-con e-parent\" data-id=\"07b4961\" data-element_type=\"container\" data-e-type=\"container\">\n\t\t\t\t<div class=\"elementor-element elementor-element-6dff737 elementor-widget elementor-widget-heading\" data-id=\"6dff737\" data-element_type=\"widget\" data-e-type=\"widget\" data-widget_type=\"heading.default\">\n\t\t\t\t\t<h2 class=\"elementor-heading-title elementor-size-default\">SEEFRACHTTRANSPORT<\/h2>\t\t\t\t<\/div>\n\t\t\t\t<\/div>\n\t\t<div class=\"elementor-element elementor-element-418de45 e-flex e-con-boxed e-con e-parent\" data-id=\"418de45\" data-element_type=\"container\" data-e-type=\"container\">\n\t\t\t\t\t<div class=\"e-con-inner\">\n\t\t<div class=\"elementor-element elementor-element-51cc5ad e-con-full e-flex e-con e-child\" data-id=\"51cc5ad\" data-element_type=\"container\" data-e-type=\"container\">\n\t\t\t\t<div class=\"elementor-element elementor-element-fd30e63 elementor-widget elementor-widget-text-editor\" data-id=\"fd30e63\" data-element_type=\"widget\" data-e-type=\"widget\" data-widget_type=\"text-editor.default\">\n\t\t\t\t\t\t\t\t\t<p style=\"font-weight: 400;\">Maritim<\/p><p style=\"font-weight: 400;\">FCL(Full Container Load)<\/p><p style=\"font-weight: 400;\">LCL(Less than Container Load)<\/p><p style=\"font-weight: 400;\">\u00dcbergewicht\/\u00dcberma\u00df<\/p><p style=\"font-weight: 400;\">St\u00fcckgut<\/p><p style=\"font-weight: 400;\">Gefahrengut<\/p><p style=\"font-weight: 400;\">Big Bags<\/p><p style=\"font-weight: 400;\">Flexitanks<\/p><p style=\"font-weight: 400;\">Isotanks<strong>\u00a0\u00a0\u00a0\u00a0\u00a0\u00a0\u00a0\u00a0\u00a0\u00a0 <\/strong><\/p>\t\t\t\t\t\t\t\t<\/div>\n\t\t\t\t<\/div>\n\t\t<div class=\"elementor-element elementor-element-13f93d8 e-con-full e-flex e-con e-child\" data-id=\"13f93d8\" data-element_type=\"container\" data-e-type=\"container\">\n\t\t\t\t<div class=\"elementor-element elementor-element-e8d53d0 elementor-widget elementor-widget-image\" data-id=\"e8d53d0\" data-element_type=\"widget\" data-e-type=\"widget\" data-widget_type=\"image.default\">\n\t\t\t\t\t\t\t\t\t\t\t\t\t\t\t<img fetchpriority=\"high\" decoding=\"async\" width=\"800\" height=\"534\" src=\"https:\/\/dynamowl.com\/new\/wp-content\/uploads\/2023\/04\/transportemaritimo2-1024x683.jpg\" class=\"attachment-large size-large wp-image-6388\" alt=\"\" srcset=\"https:\/\/dynamowl.com\/new\/wp-content\/uploads\/2023\/04\/transportemaritimo2-1024x683.jpg 1024w, https:\/\/dynamowl.com\/new\/wp-content\/uploads\/2023\/04\/transportemaritimo2-300x200.jpg 300w, https:\/\/dynamowl.com\/new\/wp-content\/uploads\/2023\/04\/transportemaritimo2-768x513.jpg 768w, https:\/\/dynamowl.com\/new\/wp-content\/uploads\/2023\/04\/transportemaritimo2-1536x1025.jpg 1536w, https:\/\/dynamowl.com\/new\/wp-content\/uploads\/2023\/04\/transportemaritimo2-2048x1367.jpg 2048w\" sizes=\"(max-width: 800px) 100vw, 800px\" \/>\t\t\t\t\t\t\t\t\t\t\t\t\t\t\t<\/div>\n\t\t\t\t<\/div>\n\t\t\t\t\t<\/div>\n\t\t\t\t<\/div>\n\t\t\t\t<\/div>\n\t\t","protected":false},"excerpt":{"rendered":"<p>SEEFRACHTTRANSPORT Maritim FCL(Full Container Load) LCL(Less than Container Load) \u00dcbergewicht\/\u00dcberma\u00df St\u00fcckgut Gefahrengut Big Bags Flexitanks Isotanks\u00a0\u00a0\u00a0\u00a0\u00a0\u00a0\u00a0\u00a0\u00a0\u00a0<\/p>\n","protected":false},"author":1,"featured_media":0,"parent":0,"menu_order":0,"comment_status":"closed","ping_status":"closed","template":"","meta":{"footnotes":""},"categories":[],"tags":[100],"class_list":["post-11210","page","type-page","status-publish","hentry","tag-de-de"],"_links":{"self":[{"href":"https:\/\/dynamowl.com\/new\/wp-json\/wp\/v2\/pages\/11210","targetHints":{"allow":["GET"]}}],"collection":[{"href":"https:\/\/dynamowl.com\/new\/wp-json\/wp\/v2\/pages"}],"about":[{"href":"https:\/\/dynamowl.com\/new\/wp-json\/wp\/v2\/types\/page"}],"author":[{"embeddable":true,"href":"https:\/\/dynamowl.com\/new\/wp-json\/wp\/v2\/users\/1"}],"replies":[{"embeddable":true,"href":"https:\/\/dynamowl.com\/new\/wp-json\/wp\/v2\/comments?post=11210"}],"version-history":[{"count":10,"href":"https:\/\/dynamowl.com\/new\/wp-json\/wp\/v2\/pages\/11210\/revisions"}],"predecessor-version":[{"id":11445,"href":"https:\/\/dynamowl.com\/new\/wp-json\/wp\/v2\/pages\/11210\/revisions\/11445"}],"wp:attachment":[{"href":"https:\/\/dynamowl.com\/new\/wp-json\/wp\/v2\/media?parent=11210"}],"wp:term":[{"taxonomy":"category","embeddable":true,"href":"https:\/\/dynamowl.com\/new\/wp-json\/wp\/v2\/categories?post=11210"},{"taxonomy":"post_tag","embeddable":true,"href":"https:\/\/dynamowl.com\/new\/wp-json\/wp\/v2\/tags?post=11210"}],"curies":[{"name":"wp","href":"https:\/\/api.w.org\/{rel}","templated":true}]}}